{"id":93715,"date":"2023-07-06T11:21:42","date_gmt":"2023-07-06T09:21:42","guid":{"rendered":"https:\/\/www.bcfi.be\/?page_id=93715"},"modified":"2026-03-17T08:54:15","modified_gmt":"2026-03-17T07:54:15","slug":"nos-activites","status":"publish","type":"page","link":"https:\/\/beta.cbip.be\/fr\/nos-activites\/","title":{"rendered":"Nos activit\u00e9s"},"content":{"rendered":"<div class=\"fusion-fullwidth fullwidth-box fusion-builder-row-1 fusion-flex-container has-pattern-background has-mask-background nonhundred-percent-fullwidth non-hundred-percent-height-scrolling\" style=\"--awb-border-radius-top-left:0px;--awb-border-radius-top-right:0px;--awb-border-radius-bottom-right:0px;--awb-border-radius-bottom-left:0px;--awb-flex-wrap:wrap;\" ><div class=\"fusion-builder-row fusion-row fusion-flex-align-items-flex-start fusion-flex-content-wrap\" style=\"max-width:1248px;margin-left: calc(-4% \/ 2 );margin-right: calc(-4% \/ 2 );\"><div class=\"fusion-layout-column fusion_builder_column fusion-builder-column-0 fusion_builder_column_1_1 1_1 fusion-flex-column\" style=\"--awb-bg-size:cover;--awb-width-large:100%;--awb-margin-top-large:0px;--awb-spacing-right-large:1.92%;--awb-margin-bottom-large:20px;--awb-spacing-left-large:1.92%;--awb-width-medium:100%;--awb-order-medium:0;--awb-spacing-right-medium:1.92%;--awb-spacing-left-medium:1.92%;--awb-width-small:100%;--awb-order-small:0;--awb-spacing-right-small:1.92%;--awb-spacing-left-small:1.92%;\"><div class=\"fusion-column-wrapper fusion-column-has-shadow fusion-flex-justify-content-flex-start fusion-content-layout-column\"><div class=\"fusion-text fusion-text-1\"><h2>Le Folia Pharmacotherapeutica<\/h2>\n<h4><em>La revue scientifique du CBIP<\/em><\/h4>\n<p>Notre revue en ligne, le <strong>Folia Pharmacotherapeutica<\/strong>, fournit aux <strong>professionnels de la sant\u00e9<\/strong> des <strong>informations ind\u00e9pendantes <\/strong>sur les m\u00e9dicaments, utiles pour la pratique. L&rsquo;objectif est de promouvoir l&rsquo;usage rationnel des m\u00e9dicaments, <strong>en s\u2019appuyant<\/strong> <strong>toujours sur les meilleures preuves disponibles<\/strong>.<\/p>\n<p>Les nouveaux articles sont annonc\u00e9s dans <strong>notre newsletter hebdomadaire, le<\/strong> <strong>Weekly Folia<\/strong>, et peuvent \u00eatre consult\u00e9s sur notre site web, o\u00f9 ils sont regroup\u00e9s par mois. Pour en savoir plus sur nos m\u00e9thodes de travail, n&rsquo;h\u00e9sitez pas \u00e0 consulter <a href=\"\/wp-content\/uploads\/2026\/03\/Methodologie-CBIP-2025.pdf\" target=\"_blank\" rel=\"noopener\">notre m\u00e9thodologie<\/a>.<\/p>\n<h2>Le R\u00e9pertoire Comment\u00e9 des M\u00e9dicaments<\/h2>\n<h4>Qu&rsquo;y trouve-t-on ?<\/h4>\n<p>Un aper\u00e7u de <strong>tous les m\u00e9dicaments disponibles en Belgique<\/strong> et des informations sur leur <strong>efficacit\u00e9, leur innocuit\u00e9, leur ad\u00e9quation pour le patient individuel <\/strong>(notamment contre-indications et forme pharmaceutique) <strong>et leur prix<\/strong>.<\/p>\n<p>Le R\u00e9pertoire inclut aussi des m\u00e9dicaments hom\u00e9opathiques.<\/p>\n<p>Les compl\u00e9ments alimentaires et les dispositifs m\u00e9dicaux ne figurent pas dans le R\u00e9pertoire, \u00e0 l&rsquo;exception des <strong>pansements actifs<\/strong> rembours\u00e9s par l&rsquo;INAMI pour les plaies chroniques, et des <strong>st\u00e9rilets au cuivre<\/strong>.<\/p>\n<h4>Arborescence<\/h4>\n<p>Les m\u00e9dicaments sont regroup\u00e9s en 20 chapitres en fonction de leurs propri\u00e9t\u00e9s th\u00e9rapeutiques et pharmacologiques. En g\u00e9n\u00e9ral, un chapitre comprend plusieurs classes de m\u00e9dicaments.<\/p>\n<h4>Objectif<\/h4>\n<p>Le R\u00e9pertoire vise \u00e0 promouvoir <strong>l&rsquo;usage rationnel des m\u00e9dicaments<\/strong> en fournissant aux professionnels de la sant\u00e9 des informations ind\u00e9pendantes sur les m\u00e9dicaments, utiles pour la pratique.<\/p>\n<h4>Pour en savoir plus<\/h4>\n<p>Pour plus d&rsquo;informations sur la structure du R\u00e9pertoire, les diff\u00e9rentes rubriques et la m\u00e9thodologie suivie, cliquez <a href=\"https:\/\/www.cbip.be\/fr\/chapters\/1?frag=9990029\">ici<\/a>.<\/p>\n<p>Envie d\u2019une visite guid\u00e9e ? N&rsquo;h\u00e9sitez pas \u00e0 suivre notre formation en ligne <a href=\"https:\/\/www.cbip.be\/fr\/portfolio\/comment-naviguer-dans-le-repertoire\/\">Comment naviguer dans le R\u00e9pertoire.<\/a><\/p>\n<h2>Rapports annuels<\/h2>\n<p>Int\u00e9ress\u00e9.e par nos activit\u00e9s ? Vous pouvez consulter nos rapports annuels ici:<\/p>\n<\/div><\/div><\/div><div class=\"fusion-layout-column fusion_builder_column fusion-builder-column-1 fusion_builder_column_1_3 1_3 fusion-flex-column fusion-column-inner-bg-wrapper\" style=\"--awb-inner-bg-size:cover;--awb-width-large:33.333333333333%;--awb-margin-top-large:0px;--awb-spacing-right-large:5.76%;--awb-margin-bottom-large:20px;--awb-spacing-left-large:5.76%;--awb-width-medium:33.333333333333%;--awb-order-medium:0;--awb-spacing-right-medium:5.76%;--awb-spacing-left-medium:5.76%;--awb-width-small:100%;--awb-order-small:0;--awb-spacing-right-small:1.92%;--awb-spacing-left-small:1.92%;\" data-scroll-devices=\"small-visibility,medium-visibility,large-visibility\"><span class=\"fusion-column-inner-bg hover-type-none\"><a class=\"fusion-column-anchor\" href=\"\/wp-content\/uploads\/2025\/04\/Activity-Report-BCPI-2024.pdf\"><span class=\"fusion-column-inner-bg-image\"><\/span><\/a><\/span><div class=\"fusion-column-wrapper fusion-column-has-shadow fusion-flex-justify-content-flex-start fusion-content-layout-column\"><div class=\"fusion-text fusion-text-2\"><h5><strong>Rapport d&rsquo;activit\u00e9s 2024<\/strong><\/h5>\n<\/div><div class=\"fusion-image-element \" style=\"--awb-caption-title-font-family:var(--h2_typography-font-family);--awb-caption-title-font-weight:var(--h2_typography-font-weight);--awb-caption-title-font-style:var(--h2_typography-font-style);--awb-caption-title-size:var(--h2_typography-font-size);--awb-caption-title-transform:var(--h2_typography-text-transform);--awb-caption-title-line-height:var(--h2_typography-line-height);--awb-caption-title-letter-spacing:var(--h2_typography-letter-spacing);\"><span class=\" fusion-imageframe imageframe-none imageframe-1 hover-type-none\"><img decoding=\"async\" width=\"300\" height=\"174\" alt=\"2024\" title=\"Activity report 2024\" src=\"https:\/\/www.bcfi.be\/wp-content\/uploads\/2025\/04\/Activity-report-2024-300x174.jpg\" class=\"img-responsive wp-image-124789\" srcset=\"https:\/\/beta.cbip.be\/wp-content\/uploads\/2025\/04\/Activity-report-2024-200x116.jpg 200w, https:\/\/beta.cbip.be\/wp-content\/uploads\/2025\/04\/Activity-report-2024-400x232.jpg 400w, https:\/\/beta.cbip.be\/wp-content\/uploads\/2025\/04\/Activity-report-2024-600x348.jpg 600w, https:\/\/beta.cbip.be\/wp-content\/uploads\/2025\/04\/Activity-report-2024-800x463.jpg 800w, https:\/\/beta.cbip.be\/wp-content\/uploads\/2025\/04\/Activity-report-2024-1200x695.jpg 1200w, https:\/\/beta.cbip.be\/wp-content\/uploads\/2025\/04\/Activity-report-2024.jpg 1652w\" sizes=\"(max-width: 640px) 100vw, 400px\" \/><\/span><\/div><\/div><\/div><div class=\"fusion-layout-column fusion_builder_column fusion-builder-column-2 fusion_builder_column_1_3 1_3 fusion-flex-column fusion-column-inner-bg-wrapper\" style=\"--awb-inner-bg-size:cover;--awb-width-large:33.333333333333%;--awb-margin-top-large:0px;--awb-spacing-right-large:5.76%;--awb-margin-bottom-large:20px;--awb-spacing-left-large:5.76%;--awb-width-medium:33.333333333333%;--awb-order-medium:0;--awb-spacing-right-medium:5.76%;--awb-spacing-left-medium:5.76%;--awb-width-small:100%;--awb-order-small:0;--awb-spacing-right-small:1.92%;--awb-spacing-left-small:1.92%;\" data-scroll-devices=\"small-visibility,medium-visibility,large-visibility\"><span class=\"fusion-column-inner-bg hover-type-none\"><a class=\"fusion-column-anchor\" href=\"\/wp-content\/uploads\/2024\/04\/Activity-Report-BCPI-2023.pdf\"><span class=\"fusion-column-inner-bg-image\"><\/span><\/a><\/span><div class=\"fusion-column-wrapper fusion-column-has-shadow fusion-flex-justify-content-flex-start fusion-content-layout-column\"><div class=\"fusion-text fusion-text-3\"><h5><strong>Rapport d&rsquo;activit\u00e9s 2023<\/strong><\/h5>\n<\/div><div class=\"fusion-image-element \" style=\"--awb-caption-title-font-family:var(--h2_typography-font-family);--awb-caption-title-font-weight:var(--h2_typography-font-weight);--awb-caption-title-font-style:var(--h2_typography-font-style);--awb-caption-title-size:var(--h2_typography-font-size);--awb-caption-title-transform:var(--h2_typography-text-transform);--awb-caption-title-line-height:var(--h2_typography-line-height);--awb-caption-title-letter-spacing:var(--h2_typography-letter-spacing);\"><span class=\" fusion-imageframe imageframe-none imageframe-2 hover-type-none\"><img decoding=\"async\" width=\"300\" height=\"169\" title=\"Activity report 2023\" src=\"https:\/\/www.bcfi.be\/wp-content\/uploads\/2024\/04\/Activity-report-2023-300x169.jpg\" alt class=\"img-responsive wp-image-107507\" srcset=\"https:\/\/beta.cbip.be\/wp-content\/uploads\/2024\/04\/Activity-report-2023-200x113.jpg 200w, https:\/\/beta.cbip.be\/wp-content\/uploads\/2024\/04\/Activity-report-2023-400x226.jpg 400w, https:\/\/beta.cbip.be\/wp-content\/uploads\/2024\/04\/Activity-report-2023-600x338.jpg 600w, https:\/\/beta.cbip.be\/wp-content\/uploads\/2024\/04\/Activity-report-2023-800x451.jpg 800w, https:\/\/beta.cbip.be\/wp-content\/uploads\/2024\/04\/Activity-report-2023-1200x677.jpg 1200w, https:\/\/beta.cbip.be\/wp-content\/uploads\/2024\/04\/Activity-report-2023.jpg 1367w\" sizes=\"(max-width: 640px) 100vw, 400px\" \/><\/span><\/div><\/div><\/div><div class=\"fusion-layout-column fusion_builder_column fusion-builder-column-3 fusion_builder_column_1_3 1_3 fusion-flex-column fusion-column-inner-bg-wrapper\" style=\"--awb-inner-bg-size:cover;--awb-width-large:33.333333333333%;--awb-margin-top-large:0px;--awb-spacing-right-large:5.76%;--awb-margin-bottom-large:20px;--awb-spacing-left-large:5.76%;--awb-width-medium:33.333333333333%;--awb-order-medium:0;--awb-spacing-right-medium:5.76%;--awb-spacing-left-medium:5.76%;--awb-width-small:100%;--awb-order-small:0;--awb-spacing-right-small:1.92%;--awb-spacing-left-small:1.92%;\" data-scroll-devices=\"small-visibility,medium-visibility,large-visibility\"><span class=\"fusion-column-inner-bg hover-type-none\"><a class=\"fusion-column-anchor\" href=\"\/wp-content\/uploads\/2023\/06\/Activity-Report-BCPI-2022.pdf\"><span class=\"fusion-column-inner-bg-image\"><\/span><\/a><\/span><div class=\"fusion-column-wrapper fusion-column-has-shadow fusion-flex-justify-content-flex-start fusion-content-layout-column\"><div class=\"fusion-text fusion-text-4\"><h5><strong>Rapport d&rsquo;activit\u00e9s 2022<\/strong><\/h5>\n<\/div><div class=\"fusion-image-element \" style=\"--awb-caption-title-font-family:var(--h2_typography-font-family);--awb-caption-title-font-weight:var(--h2_typography-font-weight);--awb-caption-title-font-style:var(--h2_typography-font-style);--awb-caption-title-size:var(--h2_typography-font-size);--awb-caption-title-transform:var(--h2_typography-text-transform);--awb-caption-title-line-height:var(--h2_typography-line-height);--awb-caption-title-letter-spacing:var(--h2_typography-letter-spacing);\"><span class=\" fusion-imageframe imageframe-none imageframe-3 hover-type-none\"><img decoding=\"async\" width=\"300\" height=\"169\" title=\"ActivityReport2022\" src=\"https:\/\/www.bcfi.be\/wp-content\/uploads\/2023\/07\/ActivityReport2022-300x169.jpg\" alt class=\"img-responsive wp-image-93725\" srcset=\"https:\/\/beta.cbip.be\/wp-content\/uploads\/2023\/07\/ActivityReport2022-200x113.jpg 200w, https:\/\/beta.cbip.be\/wp-content\/uploads\/2023\/07\/ActivityReport2022-400x225.jpg 400w, https:\/\/beta.cbip.be\/wp-content\/uploads\/2023\/07\/ActivityReport2022-600x338.jpg 600w, https:\/\/beta.cbip.be\/wp-content\/uploads\/2023\/07\/ActivityReport2022-800x451.jpg 800w, https:\/\/beta.cbip.be\/wp-content\/uploads\/2023\/07\/ActivityReport2022.jpg 1099w\" sizes=\"(max-width: 640px) 100vw, 400px\" \/><\/span><\/div><\/div><\/div><\/div><\/div>\n","protected":false},"excerpt":{"rendered":"","protected":false},"author":1,"featured_media":0,"parent":0,"menu_order":0,"comment_status":"closed","ping_status":"closed","template":"","meta":{"footnotes":""},"class_list":["post-93715","page","type-page","status-publish","hentry"],"_links":{"self":[{"href":"https:\/\/beta.cbip.be\/fr\/wp-json\/wp\/v2\/pages\/93715","targetHints":{"allow":["GET"]}}],"collection":[{"href":"https:\/\/beta.cbip.be\/fr\/wp-json\/wp\/v2\/pages"}],"about":[{"href":"https:\/\/beta.cbip.be\/fr\/wp-json\/wp\/v2\/types\/page"}],"author":[{"embeddable":true,"href":"https:\/\/beta.cbip.be\/fr\/wp-json\/wp\/v2\/users\/1"}],"replies":[{"embeddable":true,"href":"https:\/\/beta.cbip.be\/fr\/wp-json\/wp\/v2\/comments?post=93715"}],"version-history":[{"count":7,"href":"https:\/\/beta.cbip.be\/fr\/wp-json\/wp\/v2\/pages\/93715\/revisions"}],"predecessor-version":[{"id":180108,"href":"https:\/\/beta.cbip.be\/fr\/wp-json\/wp\/v2\/pages\/93715\/revisions\/180108"}],"wp:attachment":[{"href":"https:\/\/beta.cbip.be\/fr\/wp-json\/wp\/v2\/media?parent=93715"}],"curies":[{"name":"wp","href":"https:\/\/api.w.org\/{rel}","templated":true}]}}